{"id":3934,"date":"2021-07-15T11:48:16","date_gmt":"2021-07-15T14:48:16","guid":{"rendered":"https:\/\/ing-co.com.ar\/?post_type=product&#038;p=3934"},"modified":"2026-03-28T09:48:08","modified_gmt":"2026-03-28T12:48:08","slug":"pantalon-tiro-alto-satin-con-3-recortes","status":"publish","type":"product","link":"https:\/\/ing-co.com.ar\/?product=pantalon-tiro-alto-satin-con-3-recortes","title":{"rendered":"Pantal\u00f3n tiro alto sat\u00edn con 3 recortes"},"content":{"rendered":"<p>Pantal\u00f3n tiro alto sat\u00edn con 3 recortes<br \/>\nTela: Sat\u00edn<br \/>\nTalles del 1 al 7<br \/>\nColores: Negro, Azul marino, Beige, Vis\u00f3n, Gris claro, Gris topo, Verde, Rojo, Bord\u00f3, Blanco<\/p>\n","protected":false},"excerpt":{"rendered":"<p>Pantal\u00f3n tiro alto sat\u00edn con 3 recortes<br \/>\nTela: Sat\u00edn<br \/>\nTalles del 1 al 7<br \/>\nColores: Negro, Azul marino, Beige, Vis\u00f3n, Gris claro, Gris topo, Verde, Rojo, Bord\u00f3, Blanco<\/p>\n","protected":false},"featured_media":3980,"template":"","meta":{"site-sidebar-layout":"default","site-content-layout":"default","ast-site-content-layout":"default","site-content-style":"default","site-sidebar-style":"default","ast-global-header-display":"","ast-banner-title-visibility":"","ast-main-header-display":"","ast-hfb-above-header-display":"","ast-hfb-below-header-display":"","ast-hfb-mobile-header-display":"","site-post-title":"","ast-breadcrumbs-content":"","ast-featured-img":"","footer-sml-layout":"","ast-disable-related-posts":"","theme-transparent-header-meta":"default","adv-header-id-meta":"","stick-header-meta":"","header-above-stick-meta":"","header-main-stick-meta":"","header-below-stick-meta":"","astra-migrate-meta-layouts":"set","ast-page-background-enabled":"default","ast-page-background-meta":{"desktop":{"background-color":"","background-image":"","background-repeat":"repeat","background-position":"center center","background-size":"auto","background-attachment":"scroll","background-type":"","background-media":"","overlay-type":"","overlay-color":"","overlay-opacity":"","overlay-gradient":""},"tablet":{"background-color":"","background-image":"","background-repeat":"repeat","background-position":"center center","background-size":"auto","background-attachment":"scroll","background-type":"","background-media":"","overlay-type":"","overlay-color":"","overlay-opacity":"","overlay-gradient":""},"mobile":{"background-color":"","background-image":"","background-repeat":"repeat","background-position":"center center","background-size":"auto","background-attachment":"scroll","background-type":"","background-media":"","overlay-type":"","overlay-color":"","overlay-opacity":"","overlay-gradient":""}},"ast-content-background-meta":{"desktop":{"background-color":"var(--ast-global-color-5)","background-image":"","background-repeat":"repeat","background-position":"center center","background-size":"auto","background-attachment":"scroll","background-type":"","background-media":"","overlay-type":"","overlay-color":"","overlay-opacity":"","overlay-gradient":""},"tablet":{"background-color":"var(--ast-global-color-5)","background-image":"","background-repeat":"repeat","background-position":"center center","background-size":"auto","background-attachment":"scroll","background-type":"","background-media":"","overlay-type":"","overlay-color":"","overlay-opacity":"","overlay-gradient":""},"mobile":{"background-color":"var(--ast-global-color-5)","background-image":"","background-repeat":"repeat","background-position":"center center","background-size":"auto","background-attachment":"scroll","background-type":"","background-media":"","overlay-type":"","overlay-color":"","overlay-opacity":"","overlay-gradient":""}}},"product_brand":[],"product_cat":[31],"product_tag":[72,86,59],"class_list":{"0":"post-3934","1":"product","2":"type-product","3":"status-publish","4":"has-post-thumbnail","6":"product_cat-pantalones","7":"product_tag-recorte","8":"product_tag-satin","9":"product_tag-tiro-alto","10":"desktop-align-left","11":"tablet-align-left","12":"mobile-align-left","14":"first","15":"instock","16":"shipping-taxable","17":"product-type-variable"},"_links":{"self":[{"href":"https:\/\/ing-co.com.ar\/index.php?rest_route=\/wp\/v2\/product\/3934","targetHints":{"allow":["GET"]}}],"collection":[{"href":"https:\/\/ing-co.com.ar\/index.php?rest_route=\/wp\/v2\/product"}],"about":[{"href":"https:\/\/ing-co.com.ar\/index.php?rest_route=\/wp\/v2\/types\/product"}],"version-history":[{"count":1,"href":"https:\/\/ing-co.com.ar\/index.php?rest_route=\/wp\/v2\/product\/3934\/revisions"}],"predecessor-version":[{"id":4160,"href":"https:\/\/ing-co.com.ar\/index.php?rest_route=\/wp\/v2\/product\/3934\/revisions\/4160"}],"wp:featuredmedia":[{"embeddable":true,"href":"https:\/\/ing-co.com.ar\/index.php?rest_route=\/wp\/v2\/media\/3980"}],"wp:attachment":[{"href":"https:\/\/ing-co.com.ar\/index.php?rest_route=%2Fwp%2Fv2%2Fmedia&parent=3934"}],"wp:term":[{"taxonomy":"product_brand","embeddable":true,"href":"https:\/\/ing-co.com.ar\/index.php?rest_route=%2Fwp%2Fv2%2Fproduct_brand&post=3934"},{"taxonomy":"product_cat","embeddable":true,"href":"https:\/\/ing-co.com.ar\/index.php?rest_route=%2Fwp%2Fv2%2Fproduct_cat&post=3934"},{"taxonomy":"product_tag","embeddable":true,"href":"https:\/\/ing-co.com.ar\/index.php?rest_route=%2Fwp%2Fv2%2Fproduct_tag&post=3934"}],"curies":[{"name":"wp","href":"https:\/\/api.w.org\/{rel}","templated":true}]}}