{"id":5280,"date":"2021-08-10T12:53:34","date_gmt":"2021-08-10T15:53:34","guid":{"rendered":"https:\/\/ing-co.com.ar\/?page_id=5280"},"modified":"2024-05-06T22:33:17","modified_gmt":"2024-05-07T01:33:17","slug":"preguntas-frecuentes","status":"publish","type":"page","link":"https:\/\/ing-co.com.ar\/?page_id=5280","title":{"rendered":"Preguntas Frecuentes"},"content":{"rendered":"\t\t<div data-elementor-type=\"wp-page\" data-elementor-id=\"5280\" class=\"elementor elementor-5280\" data-elementor-post-type=\"page\">\n\t\t\t\t\t\t<section class=\"elementor-section elementor-top-section elementor-element elementor-element-d1a9830 elementor-section-boxed elementor-section-height-default elementor-section-height-default\" data-id=\"d1a9830\" data-element_type=\"section\" data-e-type=\"section\">\n\t\t\t\t\t\t<div class=\"elementor-container elementor-column-gap-default\">\n\t\t\t\t\t<div class=\"elementor-column elementor-col-100 elementor-top-column elementor-element elementor-element-6023bc4\" data-id=\"6023bc4\" data-element_type=\"column\" data-e-type=\"column\">\n\t\t\t<div class=\"elementor-widget-wrap elementor-element-populated\">\n\t\t\t\t\t\t<div class=\"elementor-element elementor-element-a023102 elementor-widget elementor-widget-heading\" data-id=\"a023102\" data-element_type=\"widget\" data-e-type=\"widget\" data-widget_type=\"heading.default\">\n\t\t\t\t<div class=\"elementor-widget-container\">\n\t\t\t\t\t<h2 class=\"elementor-heading-title elementor-size-default\">Preguntas Frecuentes<\/h2>\t\t\t\t<\/div>\n\t\t\t\t<\/div>\n\t\t\t\t\t<\/div>\n\t\t<\/div>\n\t\t\t\t\t<\/div>\n\t\t<\/section>\n\t\t\t\t<section class=\"elementor-section elementor-top-section elementor-element elementor-element-b1639ae elementor-section-boxed elementor-section-height-default elementor-section-height-default\" data-id=\"b1639ae\" data-element_type=\"section\" data-e-type=\"section\">\n\t\t\t\t\t\t<div class=\"elementor-container elementor-column-gap-default\">\n\t\t\t\t\t<div class=\"elementor-column elementor-col-100 elementor-top-column elementor-element elementor-element-a728836\" data-id=\"a728836\" data-element_type=\"column\" data-e-type=\"column\">\n\t\t\t<div class=\"elementor-widget-wrap elementor-element-populated\">\n\t\t\t\t\t\t<div class=\"elementor-element elementor-element-efd1f5f elementor-widget elementor-widget-text-editor\" data-id=\"efd1f5f\" data-element_type=\"widget\" data-e-type=\"widget\" data-widget_type=\"text-editor.default\">\n\t\t\t\t<div class=\"elementor-widget-container\">\n\t\t\t\t\t\t\t\t\t<ol>\n<li><strong>\u00bfHacen env\u00edos?<\/strong><br>S\u00ed, hacemos env\u00edos a todo el pa\u00eds.<\/li>\n<li><b>\u00bfC\u00faal es el m\u00ednimo de compra?<br><\/b>&nbsp;El m\u00ednimo de compra online y en nuestro local es de 6 prendas por art\u00edculo (prendas de oferta no cuentan). El m\u00ednimo para procesar pedidos online es de $100.000,00. Los precios no incluyen IVA. S\u00f3lo vendemos a comerciantes y revendedores de indumentaria. No vendemos a minoristas.<\/li>\n<li><strong>\u00bfQu\u00e9 talles trabajan?<\/strong><br>Trabajamos varios talles. Las camisas vienen del talle 1 al 6; los pantalones y sacos, del talle 1 al 7. Consultar la medida por WhatsApp.<\/li>\n<li><strong>\u00bfPor d\u00f3nde realizo el pedido?<\/strong><br>Puede realizar su pedido por nuestra p\u00e1gina web : www.ing-co.com.ar o por WhatsApp al 1146370861.<\/li>\n<li><strong>\u00bfC\u00f3mo sigue el proceso de compra despu\u00e9s de realizar el pedido?<\/strong><br>Primero revisamos el stock de su pedido, y luego nos comunicamos por WhatsApp para coordinar el pago y el env\u00edo.<\/li>\n<li><strong>\u00bfCu\u00e1nto tiempo tengo para abonar?<\/strong><br>Una vez confirmado el stock y el monto del pedido, el cliente deber\u00e1 realizar el pago y enviar el comprobante dentro de las 48hs.<br>Pasado dicho plazo se desarmar\u00e1 el pedido con previo aviso.<\/li>\n<li><strong>\u00bfC\u00faales son los m\u00e9todos de pago?<\/strong><br>Los m\u00e9todos de pago son<br>-Efectivo en el local<br>-Transferencia (con recargo)<br>-Dep\u00f3sito bancario(Banco Galicia).<\/li>\n<li><strong>\u00bfC\u00faales son los medios de env\u00edos?<\/strong><br>Realizamos env\u00edos por transportes expresos.<br>Los gastos y la responsabilidad de env\u00edo van por cuenta del comprador a abonar cuando retire en la terminal o cuando reciba el paquete en su domicilio.<br>Los env\u00edos demoran de entre 2 a 7 d\u00edas h\u00e1biles.<br>El costo del env\u00edo ser\u00e1 calculado por el transporte, dependiendo de la distancia, peso, y volumen de la mercader\u00eda a despachar.<br>Tambi\u00e9n puede realizar su pedido mediante la web y retirar por el local.<\/li>\n<li><strong>\u00bfSe puede pedir y retirar en el local?<\/strong><br>S\u00ed, se puede retirar el pedido en nuestro local (Aranguren 3274, CABA).<br>Si viene a retirar el comisionista, puede abonar y retirar el pedido presentando los siguientes datos: nombre completo del cliente y n\u00famero del pedido.<\/li>\n<li><strong>\u00bfLas prendas tienen cambios?<\/strong><br>\u2013 Pol\u00edticas de cambios \u2013<br>\u2022 S\u00f3lo realizamos cambios por falla de fabricacion por el mismo art\u00edculo (mismo modelo, talle, y color). No hay cambios ni por talle ni color.<br>\u2022 En caso de necesitar un cambio por falla, comun\u00edquese por WhatsApp al <a href=\"https:\/\/wa.me\/541146370861\">1146370861<\/a> y le responderemos a la brevedad.<br>\u2022 Los cambios se realizan dentro de los 30 d\u00edas de realizada la compra sin excepci\u00f3n.<br>\u2022 Los cambios son \u00fanicamente de forma presencial en el local.<\/li>\n<li><strong>\u00bfD\u00f3nde est\u00e1 ubicado el local?<\/strong><br>Aranguren 3274, Flores, CABA<\/li>\n<li><strong>\u00bfC\u00faales son los horarios de atenci\u00f3n?<\/strong><br>Lunes-Viernes de 8:00 a 16:30hs<br>S\u00e1bados de 8:00 a 12:30hs<\/li>\n<\/ol>\n<p>Si tiene otra consulta, puede hacernos v\u00eda WhatsApp al <a href=\"https:\/\/wa.me\/541146370861\">11-4637-0861<\/a><\/p>\t\t\t\t\t\t\t\t<\/div>\n\t\t\t\t<\/div>\n\t\t\t\t\t<\/div>\n\t\t<\/div>\n\t\t\t\t\t<\/div>\n\t\t<\/section>\n\t\t\t\t<\/div>\n\t\t","protected":false},"excerpt":{"rendered":"<p>Preguntas Frecuentes \u00bfHacen env\u00edos?S\u00ed, hacemos env\u00edos a todo el pa\u00eds. \u00bfC\u00faal es el m\u00ednimo de compra?&nbsp;El m\u00ednimo de compra online y en nuestro local es de 6 prendas por art\u00edculo (prendas de oferta no cuentan). El m\u00ednimo para procesar pedidos online es de $100.000,00. Los precios no incluyen IVA. S\u00f3lo vendemos a comerciantes y revendedores [&hellip;]<\/p>\n","protected":false},"author":1,"featured_media":0,"parent":0,"menu_order":0,"comment_status":"closed","ping_status":"closed","template":"","meta":{"site-sidebar-layout":"no-sidebar","site-content-layout":"page-builder","ast-site-content-layout":"default","site-content-style":"default","site-sidebar-style":"default","ast-global-header-display":"","ast-banner-title-visibility":"","ast-main-header-display":"","ast-hfb-above-header-display":"","ast-hfb-below-header-display":"","ast-hfb-mobile-header-display":"","site-post-title":"disabled","ast-breadcrumbs-content":"","ast-featured-img":"disabled","footer-sml-layout":"","ast-disable-related-posts":"","theme-transparent-header-meta":"default","adv-header-id-meta":"","stick-header-meta":"","header-above-stick-meta":"","header-main-stick-meta":"","header-below-stick-meta":"","astra-migrate-meta-layouts":"default","ast-page-background-enabled":"default","ast-page-background-meta":{"desktop":{"background-color":"","background-image":"","background-repeat":"repeat","background-position":"center center","background-size":"auto","background-attachment":"scroll","background-type":"","background-media":"","overlay-type":"","overlay-color":"","overlay-opacity":"","overlay-gradient":""},"tablet":{"background-color":"","background-image":"","background-repeat":"repeat","background-position":"center center","background-size":"auto","background-attachment":"scroll","background-type":"","background-media":"","overlay-type":"","overlay-color":"","overlay-opacity":"","overlay-gradient":""},"mobile":{"background-color":"","background-image":"","background-repeat":"repeat","background-position":"center center","background-size":"auto","background-attachment":"scroll","background-type":"","background-media":"","overlay-type":"","overlay-color":"","overlay-opacity":"","overlay-gradient":""}},"ast-content-background-meta":{"desktop":{"background-color":"var(--ast-global-color-5)","background-image":"","background-repeat":"repeat","background-position":"center center","background-size":"auto","background-attachment":"scroll","background-type":"","background-media":"","overlay-type":"","overlay-color":"","overlay-opacity":"","overlay-gradient":""},"tablet":{"background-color":"var(--ast-global-color-5)","background-image":"","background-repeat":"repeat","background-position":"center center","background-size":"auto","background-attachment":"scroll","background-type":"","background-media":"","overlay-type":"","overlay-color":"","overlay-opacity":"","overlay-gradient":""},"mobile":{"background-color":"var(--ast-global-color-5)","background-image":"","background-repeat":"repeat","background-position":"center center","background-size":"auto","background-attachment":"scroll","background-type":"","background-media":"","overlay-type":"","overlay-color":"","overlay-opacity":"","overlay-gradient":""}},"footnotes":""},"class_list":["post-5280","page","type-page","status-publish","hentry"],"_links":{"self":[{"href":"https:\/\/ing-co.com.ar\/index.php?rest_route=\/wp\/v2\/pages\/5280","targetHints":{"allow":["GET"]}}],"collection":[{"href":"https:\/\/ing-co.com.ar\/index.php?rest_route=\/wp\/v2\/pages"}],"about":[{"href":"https:\/\/ing-co.com.ar\/index.php?rest_route=\/wp\/v2\/types\/page"}],"author":[{"embeddable":true,"href":"https:\/\/ing-co.com.ar\/index.php?rest_route=\/wp\/v2\/users\/1"}],"replies":[{"embeddable":true,"href":"https:\/\/ing-co.com.ar\/index.php?rest_route=%2Fwp%2Fv2%2Fcomments&post=5280"}],"version-history":[{"count":40,"href":"https:\/\/ing-co.com.ar\/index.php?rest_route=\/wp\/v2\/pages\/5280\/revisions"}],"predecessor-version":[{"id":7687,"href":"https:\/\/ing-co.com.ar\/index.php?rest_route=\/wp\/v2\/pages\/5280\/revisions\/7687"}],"wp:attachment":[{"href":"https:\/\/ing-co.com.ar\/index.php?rest_route=%2Fwp%2Fv2%2Fmedia&parent=5280"}],"curies":[{"name":"wp","href":"https:\/\/api.w.org\/{rel}","templated":true}]}}