{"id":5275,"date":"2021-08-10T12:48:45","date_gmt":"2021-08-10T15:48:45","guid":{"rendered":"https:\/\/ing-co.com.ar\/?page_id=5275"},"modified":"2024-05-06T07:59:38","modified_gmt":"2024-05-06T10:59:38","slug":"como-comprar","status":"publish","type":"page","link":"https:\/\/ing-co.com.ar\/?page_id=5275","title":{"rendered":"Como Comprar"},"content":{"rendered":"\t\t<div data-elementor-type=\"wp-page\" data-elementor-id=\"5275\" class=\"elementor elementor-5275\" data-elementor-post-type=\"page\">\n\t\t\t\t\t\t<section class=\"elementor-section elementor-top-section elementor-element elementor-element-f4c77b6 elementor-section-boxed elementor-section-height-default elementor-section-height-default\" data-id=\"f4c77b6\" data-element_type=\"section\" data-e-type=\"section\">\n\t\t\t\t\t\t<div class=\"elementor-container elementor-column-gap-default\">\n\t\t\t\t\t<div class=\"elementor-column elementor-col-100 elementor-top-column elementor-element elementor-element-ee4091b\" data-id=\"ee4091b\" data-element_type=\"column\" data-e-type=\"column\">\n\t\t\t<div class=\"elementor-widget-wrap elementor-element-populated\">\n\t\t\t\t\t\t<div class=\"elementor-element elementor-element-994d610 elementor-widget elementor-widget-heading\" data-id=\"994d610\" data-element_type=\"widget\" data-e-type=\"widget\" data-widget_type=\"heading.default\">\n\t\t\t\t<div class=\"elementor-widget-container\">\n\t\t\t\t\t<h2 class=\"elementor-heading-title elementor-size-default\">C\u00f3mo Comprar<\/h2>\t\t\t\t<\/div>\n\t\t\t\t<\/div>\n\t\t\t\t\t<\/div>\n\t\t<\/div>\n\t\t\t\t\t<\/div>\n\t\t<\/section>\n\t\t\t\t<section class=\"elementor-section elementor-top-section elementor-element elementor-element-7ebe5e1 elementor-section-boxed elementor-section-height-default elementor-section-height-default\" data-id=\"7ebe5e1\" data-element_type=\"section\" data-e-type=\"section\">\n\t\t\t\t\t\t<div class=\"elementor-container elementor-column-gap-default\">\n\t\t\t\t\t<div class=\"elementor-column elementor-col-100 elementor-top-column elementor-element elementor-element-f112e82\" data-id=\"f112e82\" data-element_type=\"column\" data-e-type=\"column\">\n\t\t\t<div class=\"elementor-widget-wrap elementor-element-populated\">\n\t\t\t\t\t\t<div class=\"elementor-element elementor-element-9a13682 elementor-widget elementor-widget-text-editor\" data-id=\"9a13682\" data-element_type=\"widget\" data-e-type=\"widget\" data-widget_type=\"text-editor.default\">\n\t\t\t\t<div class=\"elementor-widget-container\">\n\t\t\t\t\t\t\t\t\t<p><strong>1. REGISTRO<\/strong><br>Registrate como cliente con tus datos para poder realizar la compra. Pod\u00e9s seleccionar los productos primero y luego registrarte al finalizar la compra.<\/p>\n<p><strong>2. ELEG\u00cd<\/strong><br>El m\u00ednimo de compra online y en nuestro local es de 6 prendas por art\u00edculo (prendas de oferta no cuentan). El m\u00ednimo para procesar pedidos online es de $100.000,00. Los precios no incluyen IVA. S\u00f3lo vendemos a comerciantes y revendedores de indumentaria. No vendemos a minoristas.<\/p>\n<p><strong>3. PAGO<\/strong><br>Los m\u00e9todos de pagos aceptados son efectivo en el local, transferencia con recargo, o dep\u00f3sito bancario. Los precios publicados NO incluyen IVA. Una vez confirmados el stock y el monto final del pedido, deber\u00e1 realizar el pago y enviar el comprobante dentro de las 48hs. Pasado dicho plazo se desarmar\u00e1 el pedido. Una vez ya confirmado el pago, nos contactaremos nuevamente v\u00eda WhatsApp para verificar los datos del env\u00edo.<\/p>\n<p><strong>4. ENV\u00cdO<\/strong> <br>Los m\u00e9todos de env\u00edos son retiro en el local personalmente, comisionista, o moto de su confianza. Tambi\u00e9n despachamos con cargo del costo de acarreo, por transporte\/expreso.<\/p>\n<p><strong>5. BUENA VENTA!<\/strong><br>Recib\u00ed nuestro producto. Te deseamos buena venta y esperamos nuevamente en nuestra p\u00e1gina web!<\/p>\t\t\t\t\t\t\t\t<\/div>\n\t\t\t\t<\/div>\n\t\t\t\t\t<\/div>\n\t\t<\/div>\n\t\t\t\t\t<\/div>\n\t\t<\/section>\n\t\t\t\t<\/div>\n\t\t","protected":false},"excerpt":{"rendered":"<p>C\u00f3mo Comprar 1. REGISTRORegistrate como cliente con tus datos para poder realizar la compra. Pod\u00e9s seleccionar los productos primero y luego registrarte al finalizar la compra. 2. ELEG\u00cdEl m\u00ednimo de compra online y en nuestro local es de 6 prendas por art\u00edculo (prendas de oferta no cuentan). El m\u00ednimo para procesar pedidos online es de [&hellip;]<\/p>\n","protected":false},"author":1,"featured_media":0,"parent":0,"menu_order":0,"comment_status":"closed","ping_status":"closed","template":"","meta":{"site-sidebar-layout":"no-sidebar","site-content-layout":"page-builder","ast-site-content-layout":"default","site-content-style":"default","site-sidebar-style":"default","ast-global-header-display":"","ast-banner-title-visibility":"","ast-main-header-display":"","ast-hfb-above-header-display":"","ast-hfb-below-header-display":"","ast-hfb-mobile-header-display":"","site-post-title":"disabled","ast-breadcrumbs-content":"","ast-featured-img":"disabled","footer-sml-layout":"","ast-disable-related-posts":"","theme-transparent-header-meta":"default","adv-header-id-meta":"","stick-header-meta":"","header-above-stick-meta":"","header-main-stick-meta":"","header-below-stick-meta":"","astra-migrate-meta-layouts":"default","ast-page-background-enabled":"default","ast-page-background-meta":{"desktop":{"background-color":"","background-image":"","background-repeat":"repeat","background-position":"center center","background-size":"auto","background-attachment":"scroll","background-type":"","background-media":"","overlay-type":"","overlay-color":"","overlay-opacity":"","overlay-gradient":""},"tablet":{"background-color":"","background-image":"","background-repeat":"repeat","background-position":"center center","background-size":"auto","background-attachment":"scroll","background-type":"","background-media":"","overlay-type":"","overlay-color":"","overlay-opacity":"","overlay-gradient":""},"mobile":{"background-color":"","background-image":"","background-repeat":"repeat","background-position":"center center","background-size":"auto","background-attachment":"scroll","background-type":"","background-media":"","overlay-type":"","overlay-color":"","overlay-opacity":"","overlay-gradient":""}},"ast-content-background-meta":{"desktop":{"background-color":"var(--ast-global-color-5)","background-image":"","background-repeat":"repeat","background-position":"center center","background-size":"auto","background-attachment":"scroll","background-type":"","background-media":"","overlay-type":"","overlay-color":"","overlay-opacity":"","overlay-gradient":""},"tablet":{"background-color":"var(--ast-global-color-5)","background-image":"","background-repeat":"repeat","background-position":"center center","background-size":"auto","background-attachment":"scroll","background-type":"","background-media":"","overlay-type":"","overlay-color":"","overlay-opacity":"","overlay-gradient":""},"mobile":{"background-color":"var(--ast-global-color-5)","background-image":"","background-repeat":"repeat","background-position":"center center","background-size":"auto","background-attachment":"scroll","background-type":"","background-media":"","overlay-type":"","overlay-color":"","overlay-opacity":"","overlay-gradient":""}},"footnotes":""},"class_list":["post-5275","page","type-page","status-publish","hentry"],"_links":{"self":[{"href":"https:\/\/ing-co.com.ar\/index.php?rest_route=\/wp\/v2\/pages\/5275","targetHints":{"allow":["GET"]}}],"collection":[{"href":"https:\/\/ing-co.com.ar\/index.php?rest_route=\/wp\/v2\/pages"}],"about":[{"href":"https:\/\/ing-co.com.ar\/index.php?rest_route=\/wp\/v2\/types\/page"}],"author":[{"embeddable":true,"href":"https:\/\/ing-co.com.ar\/index.php?rest_route=\/wp\/v2\/users\/1"}],"replies":[{"embeddable":true,"href":"https:\/\/ing-co.com.ar\/index.php?rest_route=%2Fwp%2Fv2%2Fcomments&post=5275"}],"version-history":[{"count":25,"href":"https:\/\/ing-co.com.ar\/index.php?rest_route=\/wp\/v2\/pages\/5275\/revisions"}],"predecessor-version":[{"id":7684,"href":"https:\/\/ing-co.com.ar\/index.php?rest_route=\/wp\/v2\/pages\/5275\/revisions\/7684"}],"wp:attachment":[{"href":"https:\/\/ing-co.com.ar\/index.php?rest_route=%2Fwp%2Fv2%2Fmedia&parent=5275"}],"curies":[{"name":"wp","href":"https:\/\/api.w.org\/{rel}","templated":true}]}}